{"id":886,"date":"2025-10-31T10:54:54","date_gmt":"2025-10-31T10:54:54","guid":{"rendered":"https:\/\/argoatessences.fr\/?page_id=886"},"modified":"2026-03-26T15:37:54","modified_gmt":"2026-03-26T15:37:54","slug":"contact-partage-olfactif","status":"publish","type":"page","link":"https:\/\/argoatessences.fr\/index.php\/contact-partage-olfactif\/","title":{"rendered":"Contact &amp; \u00c9changes"},"content":{"rendered":"\t\t<div data-elementor-type=\"wp-page\" data-elementor-id=\"886\" class=\"elementor elementor-886\">\n\t\t\t\t<div class=\"elementor-element elementor-element-d1f5226 e-flex e-con-boxed e-con e-parent\" data-id=\"d1f5226\" data-element_type=\"container\" data-e-type=\"container\">\n\t\t\t\t\t<div class=\"e-con-inner\">\n\t\t<div class=\"elementor-element elementor-element-db2e644 e-con-full e-flex e-con e-child\" data-id=\"db2e644\" data-element_type=\"container\" data-e-type=\"container\">\n\t\t\t\t<div class=\"elementor-element elementor-element-9ae3a40 elementor-widget elementor-widget-spacer\" data-id=\"9ae3a40\" data-element_type=\"widget\" data-e-type=\"widget\" data-widget_type=\"spacer.default\">\n\t\t\t\t\t\t\t<div class=\"elementor-spacer\">\n\t\t\t<div class=\"elementor-spacer-inner\"><\/div>\n\t\t<\/div>\n\t\t\t\t\t\t<\/div>\n\t\t\t\t<div class=\"elementor-element elementor-element-9812546 elementor-widget elementor-widget-heading\" data-id=\"9812546\" data-element_type=\"widget\" data-e-type=\"widget\" data-widget_type=\"heading.default\">\n\t\t\t\t\t<h2 class=\"elementor-heading-title elementor-size-default\">D\u00e9poser un mot, comme on confie un secret \u00e0 la for\u00eat.<\/h2>\t\t\t\t<\/div>\n\t\t\t\t<div class=\"elementor-element elementor-element-4448f86 elementor-widget elementor-widget-text-editor\" data-id=\"4448f86\" data-element_type=\"widget\" data-e-type=\"widget\" data-widget_type=\"text-editor.default\">\n\t\t\t\t\t\t\t\t\t<p class=\"isSelectedEnd\"><strong>Parfois, il suffit d\u2019un espace pour oser d\u00e9poser un mot\u2026<\/strong><\/p><ul><li class=\"isSelectedEnd\">Une question<\/li><li class=\"isSelectedEnd\">Un ressenti<\/li><li class=\"isSelectedEnd\">Une envie de partager quelque chose\u2026<\/li><\/ul><p><strong>Tu peux m\u2019\u00e9crire librement.<\/strong><\/p>\t\t\t\t\t\t\t\t<\/div>\n\t\t\t\t<div class=\"elementor-element elementor-element-038b9d5 elementor-widget elementor-widget-text-editor\" data-id=\"038b9d5\" data-element_type=\"widget\" data-e-type=\"widget\" data-widget_type=\"text-editor.default\">\n\t\t\t\t\t\t\t\t\t<h2><img decoding=\"async\" class=\"emoji\" role=\"img\" draggable=\"false\" src=\"https:\/\/s.w.org\/images\/core\/emoji\/17.0.2\/svg\/1f338.svg\" alt=\"\ud83c\udf38\" \/>\u00a0<span style=\"font-size: 12px; font-style: inherit; font-weight: inherit; color: #454f5e; font-family: 'Open Sans', sans-serif;\">Je te r\u00e9pondrai avec pr\u00e9sence et simplicit\u00e9,<\/span><\/h2><p class=\"isSelectedEnd\">Dans le respect de ton rythme et de ce que tu traverses.<\/p><div contenteditable=\"false\"><hr \/><\/div><h2><img decoding=\"async\" class=\"emoji\" role=\"img\" draggable=\"false\" src=\"https:\/\/s.w.org\/images\/core\/emoji\/17.0.2\/svg\/1f48c.svg\" alt=\"\ud83d\udc8c\" \/> Me contacter<\/h2><p class=\"isSelectedEnd\">Tu peux utiliser ce formulaire ou m\u2019\u00e9crire directement :<\/p><p class=\"isSelectedEnd\"><a href=\"mailto:joelle.vienne@gmail.com\">joelle.vienne@gmail.com<\/a><\/p><div contenteditable=\"false\"><hr \/><\/div><h2><img decoding=\"async\" class=\"emoji\" role=\"img\" draggable=\"false\" src=\"https:\/\/s.w.org\/images\/core\/emoji\/17.0.2\/svg\/1f33f.svg\" alt=\"\ud83c\udf3f\" \/><span style=\"font-size: 12px; font-style: inherit; font-weight: inherit; color: #454f5e; font-family: 'Open Sans', sans-serif;\">Il n\u2019y a rien \u00e0 formuler parfaitement.\u00a0<\/span><span style=\"font-size: 12px; font-style: inherit; font-weight: inherit; color: #454f5e; font-family: 'Open Sans', sans-serif;\">Juste \u00eatre toi\u2026\u00a0<\/span><span style=\"font-size: 12px; font-style: inherit; font-weight: inherit; color: #454f5e; font-family: 'Open Sans', sans-serif;\">tel(le) que tu es au moment o\u00f9 tu \u00e9cris.<\/span><\/h2><div contenteditable=\"false\"><hr \/><\/div><h2>\u00a0<\/h2>\t\t\t\t\t\t\t\t<\/div>\n\t\t\t\t<div class=\"elementor-element elementor-element-0abda9a elementor-widget elementor-widget-text-editor\" data-id=\"0abda9a\" data-element_type=\"widget\" data-e-type=\"widget\" data-widget_type=\"text-editor.default\">\n\t\t\t\t\t\t\t\t\t\n<div class=\"wpcf7 no-js\" id=\"wpcf7-f1702-o1\" lang=\"fr-FR\" dir=\"ltr\" data-wpcf7-id=\"1702\">\n<div class=\"screen-reader-response\"><p role=\"status\" aria-live=\"polite\" aria-atomic=\"true\"><\/p> <ul><\/ul><\/div>\n<form action=\"\/index.php\/wp-json\/wp\/v2\/pages\/886#wpcf7-f1702-o1\" method=\"post\" class=\"wpcf7-form init\" aria-label=\"Formulaire de contact\" novalidate=\"novalidate\" data-status=\"init\">\n<fieldset class=\"hidden-fields-container\"><input type=\"hidden\" name=\"_wpcf7\" value=\"1702\" \/><input type=\"hidden\" name=\"_wpcf7_version\" value=\"6.1.5\" \/><input type=\"hidden\" name=\"_wpcf7_locale\" value=\"fr_FR\" \/><input type=\"hidden\" name=\"_wpcf7_unit_tag\" value=\"wpcf7-f1702-o1\" \/><input type=\"hidden\" name=\"_wpcf7_container_post\" value=\"0\" \/><input type=\"hidden\" name=\"_wpcf7_posted_data_hash\" value=\"\" \/>\n<\/fieldset>\n<p><label> Votre nom<br \/>\n<span class=\"wpcf7-form-control-wrap\" data-name=\"your-name\"><input size=\"40\" maxlength=\"400\" class=\"wpcf7-form-control wpcf7-text wpcf7-validates-as-required\" autocomplete=\"name\" aria-required=\"true\" aria-invalid=\"false\" value=\"\" type=\"text\" name=\"your-name\" \/><\/span> <\/label>\n<\/p>\n<p><label> Votre e-mail<br \/>\n<span class=\"wpcf7-form-control-wrap\" data-name=\"your-email\"><input size=\"40\" maxlength=\"400\" class=\"wpcf7-form-control wpcf7-email wpcf7-validates-as-required wpcf7-text wpcf7-validates-as-email\" autocomplete=\"email\" aria-required=\"true\" aria-invalid=\"false\" value=\"\" type=\"email\" name=\"your-email\" \/><\/span> <\/label>\n<\/p>\n<p><label> Objet<br \/>\n<span class=\"wpcf7-form-control-wrap\" data-name=\"your-subject\"><input size=\"40\" maxlength=\"400\" class=\"wpcf7-form-control wpcf7-text wpcf7-validates-as-required\" aria-required=\"true\" aria-invalid=\"false\" value=\"\" type=\"text\" name=\"your-subject\" \/><\/span> <\/label>\n<\/p>\n<p><label> Votre message (facultatif)<br \/>\n<span class=\"wpcf7-form-control-wrap\" data-name=\"your-message\"><textarea cols=\"40\" rows=\"10\" maxlength=\"2000\" class=\"wpcf7-form-control wpcf7-textarea\" aria-invalid=\"false\" name=\"your-message\"><\/textarea><\/span> <\/label>\n<\/p>\n<p><input class=\"wpcf7-form-control wpcf7-submit has-spinner\" type=\"submit\" value=\"Envoyer\" \/>\n<\/p><div class=\"wpcf7-response-output\" aria-hidden=\"true\"><\/div>\n<\/form>\n<\/div>\n\t\t\t\t\t\t\t\t<\/div>\n\t\t\t\t<\/div>\n\t\t<div class=\"elementor-element elementor-element-8e30330 e-con-full e-flex e-con e-child\" data-id=\"8e30330\" data-element_type=\"container\" data-e-type=\"container\">\n\t\t\t\t<div class=\"elementor-element elementor-element-201c61a elementor-widget elementor-widget-image\" data-id=\"201c61a\" data-element_type=\"widget\" data-e-type=\"widget\" data-widget_type=\"image.default\">\n\t\t\t\t\t\t\t\t\t\t\t\t\t\t\t<img fetchpriority=\"high\" decoding=\"async\" width=\"1024\" height=\"683\" src=\"https:\/\/argoatessences.fr\/wp-content\/uploads\/2026\/03\/Les-Senteurs-du-Coeur-Un-Voyage-Interieur-1024x683.jpg\" class=\"attachment-large size-large wp-image-2461\" alt=\"Livre ouvert dont les pages forment un c\u0153ur, entour\u00e9 de fleurs blanches d\u00e9licates, symbolisant un voyage int\u00e9rieur et l\u2019ouverture du c\u0153ur\" srcset=\"https:\/\/argoatessences.fr\/wp-content\/uploads\/2026\/03\/Les-Senteurs-du-Coeur-Un-Voyage-Interieur-1024x683.jpg 1024w, https:\/\/argoatessences.fr\/wp-content\/uploads\/2026\/03\/Les-Senteurs-du-Coeur-Un-Voyage-Interieur-300x200.jpg 300w, https:\/\/argoatessences.fr\/wp-content\/uploads\/2026\/03\/Les-Senteurs-du-Coeur-Un-Voyage-Interieur-768x512.jpg 768w, https:\/\/argoatessences.fr\/wp-content\/uploads\/2026\/03\/Les-Senteurs-du-Coeur-Un-Voyage-Interieur-1536x1024.jpg 1536w, https:\/\/argoatessences.fr\/wp-content\/uploads\/2026\/03\/Les-Senteurs-du-Coeur-Un-Voyage-Interieur-2048x1365.jpg 2048w\" sizes=\"(max-width: 1024px) 100vw, 1024px\" \/>\t\t\t\t\t\t\t\t\t\t\t\t\t\t\t<\/div>\n\t\t\t\t<div class=\"elementor-element elementor-element-f6a979a elementor-widget elementor-widget-text-editor\" data-id=\"f6a979a\" data-element_type=\"widget\" data-e-type=\"widget\" data-widget_type=\"text-editor.default\">\n\t\t\t\t\t\t\t\t\t<h2>\ud83c\udf19 Un premier pas<\/h2><p class=\"isSelectedEnd\">Parfois, \u00e9crire est d\u00e9j\u00e0 une ouverture.<\/p><p class=\"isSelectedEnd\">Un mouvement int\u00e9rieur\u2026discret, mais essentiel.<\/p><p class=\"isSelectedEnd\">Je t\u2019accueille dans cet espace, avec douceur.\ud83c\udf3f<\/p>\t\t\t\t\t\t\t\t<\/div>\n\t\t\t\t<\/div>\n\t\t\t\t\t<\/div>\n\t\t\t\t<\/div>\n\t\t\t\t<\/div>\n\t\t","protected":false},"excerpt":{"rendered":"<p>D\u00e9poser un mot, comme on confie un secret \u00e0 la for\u00eat. Parfois, il suffit d\u2019un espace pour oser d\u00e9poser un mot\u2026 Une question Un ressenti Une envie de partager quelque chose\u2026 Tu peux m\u2019\u00e9crire librement. \u00a0Je te r\u00e9pondrai avec pr\u00e9sence et simplicit\u00e9, Dans le respect de ton rythme et de ce que tu traverses. Me [&hellip;]<\/p>\n","protected":false},"author":1,"featured_media":2461,"parent":0,"menu_order":0,"comment_status":"closed","ping_status":"closed","template":"","meta":{"site-sidebar-layout":"no-sidebar","site-content-layout":"","ast-site-content-layout":"full-width-container","site-content-style":"default","site-sidebar-style":"default","ast-global-header-display":"","ast-banner-title-visibility":"","ast-main-header-display":"","ast-hfb-above-header-display":"","ast-hfb-below-header-display":"","ast-hfb-mobile-header-display":"","site-post-title":"","ast-breadcrumbs-content":"","ast-featured-img":"disabled","footer-sml-layout":"","ast-disable-related-posts":"","theme-transparent-header-meta":"","adv-header-id-meta":"","stick-header-meta":"","header-above-stick-meta":"","header-main-stick-meta":"","header-below-stick-meta":"","astra-migrate-meta-layouts":"default","ast-page-background-enabled":"default","ast-page-background-meta":{"desktop":{"background-color":"var(--ast-global-color-5)","background-image":"","background-repeat":"repeat","background-position":"center center","background-size":"auto","background-attachment":"scroll","background-type":"","background-media":"","overlay-type":"","overlay-color":"","overlay-opacity":"","overlay-gradient":""},"tablet":{"background-color":"","background-image":"","background-repeat":"repeat","background-position":"center center","background-size":"auto","background-attachment":"scroll","background-type":"","background-media":"","overlay-type":"","overlay-color":"","overlay-opacity":"","overlay-gradient":""},"mobile":{"background-color":"","background-image":"","background-repeat":"repeat","background-position":"center center","background-size":"auto","background-attachment":"scroll","background-type":"","background-media":"","overlay-type":"","overlay-color":"","overlay-opacity":"","overlay-gradient":""}},"ast-content-background-meta":{"desktop":{"background-color":"var(--ast-global-color-4)","background-image":"","background-repeat":"repeat","background-position":"center center","background-size":"auto","background-attachment":"scroll","background-type":"","background-media":"","overlay-type":"","overlay-color":"","overlay-opacity":"","overlay-gradient":""},"tablet":{"background-color":"var(--ast-global-color-4)","background-image":"","background-repeat":"repeat","background-position":"center center","background-size":"auto","background-attachment":"scroll","background-type":"","background-media":"","overlay-type":"","overlay-color":"","overlay-opacity":"","overlay-gradient":""},"mobile":{"background-color":"var(--ast-global-color-4)","background-image":"","background-repeat":"repeat","background-position":"center center","background-size":"auto","background-attachment":"scroll","background-type":"","background-media":"","overlay-type":"","overlay-color":"","overlay-opacity":"","overlay-gradient":""}},"footnotes":""},"class_list":["post-886","page","type-page","status-publish","has-post-thumbnail","hentry"],"yoast_head":"<!-- This site is optimized with the Yoast SEO plugin v27.0 - https:\/\/yoast.com\/product\/yoast-seo-wordpress\/ -->\n<title>Contact &amp; \u00c9changes - Argoat &amp; Essences<\/title>\n<meta name=\"description\" content=\"Une question, un ressenti ou simplement l&#039;envie de partager un mot doux ? \u00c9crivez \u00e0 Jo\u00eblle pour prolonger l&#039;aventure sensorielle d&#039;Argoat &amp; Essences.\" \/>\n<meta name=\"robots\" content=\"index, follow, max-snippet:-1, max-image-preview:large, max-video-preview:-1\" \/>\n<link rel=\"canonical\" href=\"https:\/\/argoatessences.fr\/index.php\/contact-partage-olfactif\/\" \/>\n<meta property=\"og:locale\" content=\"fr_FR\" \/>\n<meta property=\"og:type\" content=\"article\" \/>\n<meta property=\"og:title\" content=\"Contact &amp; \u00c9changes - Argoat &amp; Essences\" \/>\n<meta property=\"og:description\" content=\"Une question, un ressenti ou simplement l&#039;envie de partager un mot doux ? \u00c9crivez \u00e0 Jo\u00eblle pour prolonger l&#039;aventure sensorielle d&#039;Argoat &amp; Essences.\" \/>\n<meta property=\"og:url\" content=\"https:\/\/argoatessences.fr\/index.php\/contact-partage-olfactif\/\" \/>\n<meta property=\"og:site_name\" content=\"Argoat &amp; Essences\" \/>\n<meta property=\"article:publisher\" content=\"https:\/\/www.facebook.com\/Aromatherapie\" \/>\n<meta property=\"article:modified_time\" content=\"2026-03-26T15:37:54+00:00\" \/>\n<meta property=\"og:image\" content=\"https:\/\/argoatessences.fr\/wp-content\/uploads\/2026\/03\/Les-Senteurs-du-Coeur-Un-Voyage-Interieur-scaled.jpg\" \/>\n\t<meta property=\"og:image:width\" content=\"2560\" \/>\n\t<meta property=\"og:image:height\" content=\"1707\" \/>\n\t<meta property=\"og:image:type\" content=\"image\/jpeg\" \/>\n<meta name=\"twitter:card\" content=\"summary_large_image\" \/>\n<meta name=\"twitter:label1\" content=\"Dur\u00e9e de lecture estim\u00e9e\" \/>\n\t<meta name=\"twitter:data1\" content=\"2 minutes\" \/>\n<script type=\"application\/ld+json\" class=\"yoast-schema-graph\">{\"@context\":\"https:\/\/schema.org\",\"@graph\":[{\"@type\":\"WebPage\",\"@id\":\"https:\/\/argoatessences.fr\/index.php\/contact-partage-olfactif\/\",\"url\":\"https:\/\/argoatessences.fr\/index.php\/contact-partage-olfactif\/\",\"name\":\"Contact &amp; \u00c9changes - Argoat &amp; Essences\",\"isPartOf\":{\"@id\":\"https:\/\/argoatessences.fr\/#website\"},\"primaryImageOfPage\":{\"@id\":\"https:\/\/argoatessences.fr\/index.php\/contact-partage-olfactif\/#primaryimage\"},\"image\":{\"@id\":\"https:\/\/argoatessences.fr\/index.php\/contact-partage-olfactif\/#primaryimage\"},\"thumbnailUrl\":\"https:\/\/argoatessences.fr\/wp-content\/uploads\/2026\/03\/Les-Senteurs-du-Coeur-Un-Voyage-Interieur-scaled.jpg\",\"datePublished\":\"2025-10-31T10:54:54+00:00\",\"dateModified\":\"2026-03-26T15:37:54+00:00\",\"description\":\"Une question, un ressenti ou simplement l'envie de partager un mot doux ? \u00c9crivez \u00e0 Jo\u00eblle pour prolonger l'aventure sensorielle d'Argoat & Essences.\",\"breadcrumb\":{\"@id\":\"https:\/\/argoatessences.fr\/index.php\/contact-partage-olfactif\/#breadcrumb\"},\"inLanguage\":\"fr-FR\",\"potentialAction\":[{\"@type\":\"ReadAction\",\"target\":[\"https:\/\/argoatessences.fr\/index.php\/contact-partage-olfactif\/\"]}]},{\"@type\":\"ImageObject\",\"inLanguage\":\"fr-FR\",\"@id\":\"https:\/\/argoatessences.fr\/index.php\/contact-partage-olfactif\/#primaryimage\",\"url\":\"https:\/\/argoatessences.fr\/wp-content\/uploads\/2026\/03\/Les-Senteurs-du-Coeur-Un-Voyage-Interieur-scaled.jpg\",\"contentUrl\":\"https:\/\/argoatessences.fr\/wp-content\/uploads\/2026\/03\/Les-Senteurs-du-Coeur-Un-Voyage-Interieur-scaled.jpg\",\"width\":2560,\"height\":1707,\"caption\":\"Un c\u0153ur qui s\u2019ouvre\u2026 page apr\u00e8s page \ud83c\udf38\"},{\"@type\":\"BreadcrumbList\",\"@id\":\"https:\/\/argoatessences.fr\/index.php\/contact-partage-olfactif\/#breadcrumb\",\"itemListElement\":[{\"@type\":\"ListItem\",\"position\":1,\"name\":\"Accueil\",\"item\":\"https:\/\/argoatessences.fr\/\"},{\"@type\":\"ListItem\",\"position\":2,\"name\":\"Contact &amp; \u00c9changes\"}]},{\"@type\":\"WebSite\",\"@id\":\"https:\/\/argoatessences.fr\/#website\",\"url\":\"https:\/\/argoatessences.fr\/\",\"name\":\"Argoat & Esssences\",\"description\":\"Gardienne des senteurs\",\"publisher\":{\"@id\":\"https:\/\/argoatessences.fr\/#\/schema\/person\/a5d18219a09925fedd6312290dc9dc6c\"},\"potentialAction\":[{\"@type\":\"SearchAction\",\"target\":{\"@type\":\"EntryPoint\",\"urlTemplate\":\"https:\/\/argoatessences.fr\/?s={search_term_string}\"},\"query-input\":{\"@type\":\"PropertyValueSpecification\",\"valueRequired\":true,\"valueName\":\"search_term_string\"}}],\"inLanguage\":\"fr-FR\"},{\"@type\":[\"Person\",\"Organization\"],\"@id\":\"https:\/\/argoatessences.fr\/#\/schema\/person\/a5d18219a09925fedd6312290dc9dc6c\",\"name\":\"Joelle Vienne\",\"image\":{\"@type\":\"ImageObject\",\"inLanguage\":\"fr-FR\",\"@id\":\"https:\/\/argoatessences.fr\/#\/schema\/person\/image\/\",\"url\":\"https:\/\/argoatessences.fr\/wp-content\/uploads\/2026\/01\/cropped-cropped-logo-joelle.png\",\"contentUrl\":\"https:\/\/argoatessences.fr\/wp-content\/uploads\/2026\/01\/cropped-cropped-logo-joelle.png\",\"width\":464,\"height\":386,\"caption\":\"Joelle Vienne\"},\"logo\":{\"@id\":\"https:\/\/argoatessences.fr\/#\/schema\/person\/image\/\"},\"description\":\"Un espace o\u00f9 la nature murmure et o\u00f9 chaque huile essentielle r\u00e9v\u00e8le son \u00e2me. Entre fragrance et vibration, je t\u2019invite \u00e0 cheminer au rythme du v\u00e9g\u00e9tal, \u00e0 la rencontre de l\u2019\u00e9nergie subtile des plantes et de leurs messages int\u00e9rieurs.\",\"sameAs\":[\"http:\/\/argoatessences.fr\",\"https:\/\/www.facebook.com\/Aromatherapie\",\"https:\/\/www.instagram.com\/joelle_vienne\/\"]}]}<\/script>\n<!-- \/ Yoast SEO plugin. -->","yoast_head_json":{"title":"Contact &amp; \u00c9changes - Argoat &amp; Essences","description":"Une question, un ressenti ou simplement l'envie de partager un mot doux ? \u00c9crivez \u00e0 Jo\u00eblle pour prolonger l'aventure sensorielle d'Argoat & Essences.","robots":{"index":"index","follow":"follow","max-snippet":"max-snippet:-1","max-image-preview":"max-image-preview:large","max-video-preview":"max-video-preview:-1"},"canonical":"https:\/\/argoatessences.fr\/index.php\/contact-partage-olfactif\/","og_locale":"fr_FR","og_type":"article","og_title":"Contact &amp; \u00c9changes - Argoat &amp; Essences","og_description":"Une question, un ressenti ou simplement l'envie de partager un mot doux ? \u00c9crivez \u00e0 Jo\u00eblle pour prolonger l'aventure sensorielle d'Argoat & Essences.","og_url":"https:\/\/argoatessences.fr\/index.php\/contact-partage-olfactif\/","og_site_name":"Argoat &amp; Essences","article_publisher":"https:\/\/www.facebook.com\/Aromatherapie","article_modified_time":"2026-03-26T15:37:54+00:00","og_image":[{"width":2560,"height":1707,"url":"https:\/\/argoatessences.fr\/wp-content\/uploads\/2026\/03\/Les-Senteurs-du-Coeur-Un-Voyage-Interieur-scaled.jpg","type":"image\/jpeg"}],"twitter_card":"summary_large_image","twitter_misc":{"Dur\u00e9e de lecture estim\u00e9e":"2 minutes"},"schema":{"@context":"https:\/\/schema.org","@graph":[{"@type":"WebPage","@id":"https:\/\/argoatessences.fr\/index.php\/contact-partage-olfactif\/","url":"https:\/\/argoatessences.fr\/index.php\/contact-partage-olfactif\/","name":"Contact &amp; \u00c9changes - Argoat &amp; Essences","isPartOf":{"@id":"https:\/\/argoatessences.fr\/#website"},"primaryImageOfPage":{"@id":"https:\/\/argoatessences.fr\/index.php\/contact-partage-olfactif\/#primaryimage"},"image":{"@id":"https:\/\/argoatessences.fr\/index.php\/contact-partage-olfactif\/#primaryimage"},"thumbnailUrl":"https:\/\/argoatessences.fr\/wp-content\/uploads\/2026\/03\/Les-Senteurs-du-Coeur-Un-Voyage-Interieur-scaled.jpg","datePublished":"2025-10-31T10:54:54+00:00","dateModified":"2026-03-26T15:37:54+00:00","description":"Une question, un ressenti ou simplement l'envie de partager un mot doux ? \u00c9crivez \u00e0 Jo\u00eblle pour prolonger l'aventure sensorielle d'Argoat & Essences.","breadcrumb":{"@id":"https:\/\/argoatessences.fr\/index.php\/contact-partage-olfactif\/#breadcrumb"},"inLanguage":"fr-FR","potentialAction":[{"@type":"ReadAction","target":["https:\/\/argoatessences.fr\/index.php\/contact-partage-olfactif\/"]}]},{"@type":"ImageObject","inLanguage":"fr-FR","@id":"https:\/\/argoatessences.fr\/index.php\/contact-partage-olfactif\/#primaryimage","url":"https:\/\/argoatessences.fr\/wp-content\/uploads\/2026\/03\/Les-Senteurs-du-Coeur-Un-Voyage-Interieur-scaled.jpg","contentUrl":"https:\/\/argoatessences.fr\/wp-content\/uploads\/2026\/03\/Les-Senteurs-du-Coeur-Un-Voyage-Interieur-scaled.jpg","width":2560,"height":1707,"caption":"Un c\u0153ur qui s\u2019ouvre\u2026 page apr\u00e8s page \ud83c\udf38"},{"@type":"BreadcrumbList","@id":"https:\/\/argoatessences.fr\/index.php\/contact-partage-olfactif\/#breadcrumb","itemListElement":[{"@type":"ListItem","position":1,"name":"Accueil","item":"https:\/\/argoatessences.fr\/"},{"@type":"ListItem","position":2,"name":"Contact &amp; \u00c9changes"}]},{"@type":"WebSite","@id":"https:\/\/argoatessences.fr\/#website","url":"https:\/\/argoatessences.fr\/","name":"Argoat & Esssences","description":"Gardienne des senteurs","publisher":{"@id":"https:\/\/argoatessences.fr\/#\/schema\/person\/a5d18219a09925fedd6312290dc9dc6c"},"potentialAction":[{"@type":"SearchAction","target":{"@type":"EntryPoint","urlTemplate":"https:\/\/argoatessences.fr\/?s={search_term_string}"},"query-input":{"@type":"PropertyValueSpecification","valueRequired":true,"valueName":"search_term_string"}}],"inLanguage":"fr-FR"},{"@type":["Person","Organization"],"@id":"https:\/\/argoatessences.fr\/#\/schema\/person\/a5d18219a09925fedd6312290dc9dc6c","name":"Joelle Vienne","image":{"@type":"ImageObject","inLanguage":"fr-FR","@id":"https:\/\/argoatessences.fr\/#\/schema\/person\/image\/","url":"https:\/\/argoatessences.fr\/wp-content\/uploads\/2026\/01\/cropped-cropped-logo-joelle.png","contentUrl":"https:\/\/argoatessences.fr\/wp-content\/uploads\/2026\/01\/cropped-cropped-logo-joelle.png","width":464,"height":386,"caption":"Joelle Vienne"},"logo":{"@id":"https:\/\/argoatessences.fr\/#\/schema\/person\/image\/"},"description":"Un espace o\u00f9 la nature murmure et o\u00f9 chaque huile essentielle r\u00e9v\u00e8le son \u00e2me. Entre fragrance et vibration, je t\u2019invite \u00e0 cheminer au rythme du v\u00e9g\u00e9tal, \u00e0 la rencontre de l\u2019\u00e9nergie subtile des plantes et de leurs messages int\u00e9rieurs.","sameAs":["http:\/\/argoatessences.fr","https:\/\/www.facebook.com\/Aromatherapie","https:\/\/www.instagram.com\/joelle_vienne\/"]}]}},"_links":{"self":[{"href":"https:\/\/argoatessences.fr\/index.php\/wp-json\/wp\/v2\/pages\/886","targetHints":{"allow":["GET"]}}],"collection":[{"href":"https:\/\/argoatessences.fr\/index.php\/wp-json\/wp\/v2\/pages"}],"about":[{"href":"https:\/\/argoatessences.fr\/index.php\/wp-json\/wp\/v2\/types\/page"}],"author":[{"embeddable":true,"href":"https:\/\/argoatessences.fr\/index.php\/wp-json\/wp\/v2\/users\/1"}],"replies":[{"embeddable":true,"href":"https:\/\/argoatessences.fr\/index.php\/wp-json\/wp\/v2\/comments?post=886"}],"version-history":[{"count":45,"href":"https:\/\/argoatessences.fr\/index.php\/wp-json\/wp\/v2\/pages\/886\/revisions"}],"predecessor-version":[{"id":2606,"href":"https:\/\/argoatessences.fr\/index.php\/wp-json\/wp\/v2\/pages\/886\/revisions\/2606"}],"wp:featuredmedia":[{"embeddable":true,"href":"https:\/\/argoatessences.fr\/index.php\/wp-json\/wp\/v2\/media\/2461"}],"wp:attachment":[{"href":"https:\/\/argoatessences.fr\/index.php\/wp-json\/wp\/v2\/media?parent=886"}],"curies":[{"name":"wp","href":"https:\/\/api.w.org\/{rel}","templated":true}]}}